{"id":9,"date":"2018-10-08T23:16:17","date_gmt":"2018-10-08T21:16:17","guid":{"rendered":"http:\/\/tandorproductions.com\/?page_id=9"},"modified":"2025-07-21T13:19:20","modified_gmt":"2025-07-21T11:19:20","slug":"a-propos","status":"publish","type":"page","link":"https:\/\/tandorproductions.com\/fr\/a-propos\/","title":{"rendered":"\u00c0 propos"},"content":{"rendered":"<p>&nbsp;<\/p>\r\n\r\n<p>&nbsp;<\/p>\r\n\r\n<p><strong>T\u00e2ndor Productions <\/strong>est n\u00e9 de l\u2019envie de deux personnes : <a href=\"http:\/\/tandorproductions.com\/geoffroy-cernaix\/\">Geoffroy Cernaix<\/a> et <a href=\"http:\/\/tandorproductions.com\/rosine-mbakam\/\">Rosine Mbakam<\/a>. Leurs motivations \u00e9taient de mettre en place un espace de cr\u00e9ation professionnelle dans le respect des auteurs, de leurs oeuvres et soutenir des projets ayant un point de vue singulier et authentique. Aujourd\u2019hui, T\u00e2ndor Productions est aussi un groupe de jeunes techniciens du cin\u00e9ma soucieux de mettre en place et de d\u00e9fendre une autre mani\u00e8re de faire du cin\u00e9ma. En 2018 dans l\u2019id\u00e9e d\u2019\u00e9largir nos horizons de production, T\u00e2ndor Films a \u00e9t\u00e9 cr\u00e9\u00e9 \u00e0 Yaound\u00e9 au Cameroun.<\/p>\r\n\r\n<p>&nbsp;<\/p>\r\n\r\n<p>&nbsp;<\/p>\r\n\r\n<p>&nbsp;<\/p>","protected":false},"excerpt":{"rendered":"<p>&nbsp; &nbsp; T\u00e2ndor Productions est n\u00e9 de l\u2019envie de deux personnes : Geoffroy Cernaix et Rosine Mbakam. Leurs motivations \u00e9taient de mettre en place un espace de cr\u00e9ation professionnelle dans le respect des auteurs, de leurs oeuvres et soutenir des projets ayant un point de vue singulier et authentique. Aujourd\u2019hui, T\u00e2ndor Productions est aussi un [&hellip;]<\/p>\n","protected":false},"author":1,"featured_media":246,"parent":0,"menu_order":0,"comment_status":"closed","ping_status":"closed","template":"","meta":[],"_links":{"self":[{"href":"https:\/\/tandorproductions.com\/fr\/wp-json\/wp\/v2\/pages\/9"}],"collection":[{"href":"https:\/\/tandorproductions.com\/fr\/wp-json\/wp\/v2\/pages"}],"about":[{"href":"https:\/\/tandorproductions.com\/fr\/wp-json\/wp\/v2\/types\/page"}],"author":[{"embeddable":true,"href":"https:\/\/tandorproductions.com\/fr\/wp-json\/wp\/v2\/users\/1"}],"replies":[{"embeddable":true,"href":"https:\/\/tandorproductions.com\/fr\/wp-json\/wp\/v2\/comments?post=9"}],"version-history":[{"count":45,"href":"https:\/\/tandorproductions.com\/fr\/wp-json\/wp\/v2\/pages\/9\/revisions"}],"predecessor-version":[{"id":2007,"href":"https:\/\/tandorproductions.com\/fr\/wp-json\/wp\/v2\/pages\/9\/revisions\/2007"}],"wp:featuredmedia":[{"embeddable":true,"href":"https:\/\/tandorproductions.com\/fr\/wp-json\/wp\/v2\/media\/246"}],"wp:attachment":[{"href":"https:\/\/tandorproductions.com\/fr\/wp-json\/wp\/v2\/media?parent=9"}],"curies":[{"name":"wp","href":"https:\/\/api.w.org\/{rel}","templated":true}]}}