{"id":7,"date":"2018-10-08T23:15:53","date_gmt":"2018-10-08T21:15:53","guid":{"rendered":"http:\/\/tandorproductions.com\/?page_id=7"},"modified":"2025-07-21T13:19:20","modified_gmt":"2025-07-21T11:19:20","slug":"contact","status":"publish","type":"page","link":"https:\/\/tandorproductions.com\/fr\/contact\/","title":{"rendered":"Contact"},"content":{"rendered":"<p>&nbsp;<\/p>\r\n\r\n<p><strong>T\u00e2ndor Productions (Belgique)<\/strong><br \/>Avenue Louise, 209\/7 \u2013 1050 Ixelles<br \/>Tel. : +32(0)486.69.53.85<br \/><br \/><strong>T\u00e2ndor Films (Cameroun)<\/strong><br \/>BP 3204 Yaound\u00e9-Messa<br \/>Tel. : +237(0)696.11.40.29<\/p>\r\n\r\n<p>&nbsp;<\/p>\r\n\r\n<p><br \/><br \/><strong>\u00c9quipe <\/strong><br \/><br \/><a href=\"http:\/\/tandorproductions.com\/rosine-mbakam\/\" target=\"_blank\" rel=\"noreferrer noopener\">Rosine Mbakam<\/a> <br \/><em>Fondatrice \u2013 R\u00e9alisatrice \u2013 Productrice<\/em><br \/>rosine.mbakam@gmail.com<br \/><br \/><a href=\"http:\/\/tandorproductions.com\/geoffroy-cernaix\/\" target=\"_blank\" rel=\"noreferrer noopener\">Geoffroy Cernaix<\/a> <br \/><em>Fondateur \u2013 Producteur \u2013 Monteur<\/em><br \/>tandor.prod@gmail.com<br \/><br \/><span class=\"has-inline-color\" style=\"color: #fbc874;\">Sahbi Kraiem<\/span><br \/><em>Directeur de postproduction<\/em><br \/><br \/><span class=\"has-inline-color\" style=\"color: #fbc874;\">Aim\u00e9 C\u00e9saire Dimenkeu Nku\u00e9<\/span><br \/><em>G\u00e9rant de T\u00e2ndor Films au Cameroun<\/em><br \/>tandor.films@gmail.com<\/p>\r\n<p><span class=\"has-inline-color\" style=\"color: #fbc874;\">Albane Chaboureau<\/span><br \/>Assistante de production\u00a0<br \/>albanetandorproductions@gmail.com<\/p>\r\n\r\n<p>&nbsp;<\/p>\r\n\r\n<p>&nbsp;<\/p>","protected":false},"excerpt":{"rendered":"<p>&nbsp; T\u00e2ndor Productions (Belgique)Avenue Louise, 209\/7 \u2013 1050 IxellesTel. : +32(0)486.69.53.85 T\u00e2ndor Films (Cameroun)BP 3204 Yaound\u00e9-MessaTel. : +237(0)696.11.40.29 &nbsp; \u00c9quipe Rosine Mbakam Fondatrice \u2013 R\u00e9alisatrice \u2013 Productricerosine.mbakam@gmail.com Geoffroy Cernaix Fondateur \u2013 Producteur \u2013 Monteurtandor.prod@gmail.com Sahbi KraiemDirecteur de postproduction Aim\u00e9 C\u00e9saire Dimenkeu Nku\u00e9G\u00e9rant de T\u00e2ndor Films au Camerountandor.films@gmail.com Albane ChaboureauAssistante de production\u00a0albanetandorproductions@gmail.com &nbsp; &nbsp;<\/p>\n","protected":false},"author":1,"featured_media":206,"parent":0,"menu_order":0,"comment_status":"closed","ping_status":"closed","template":"","meta":[],"_links":{"self":[{"href":"https:\/\/tandorproductions.com\/fr\/wp-json\/wp\/v2\/pages\/7"}],"collection":[{"href":"https:\/\/tandorproductions.com\/fr\/wp-json\/wp\/v2\/pages"}],"about":[{"href":"https:\/\/tandorproductions.com\/fr\/wp-json\/wp\/v2\/types\/page"}],"author":[{"embeddable":true,"href":"https:\/\/tandorproductions.com\/fr\/wp-json\/wp\/v2\/users\/1"}],"replies":[{"embeddable":true,"href":"https:\/\/tandorproductions.com\/fr\/wp-json\/wp\/v2\/comments?post=7"}],"version-history":[{"count":25,"href":"https:\/\/tandorproductions.com\/fr\/wp-json\/wp\/v2\/pages\/7\/revisions"}],"predecessor-version":[{"id":2013,"href":"https:\/\/tandorproductions.com\/fr\/wp-json\/wp\/v2\/pages\/7\/revisions\/2013"}],"wp:featuredmedia":[{"embeddable":true,"href":"https:\/\/tandorproductions.com\/fr\/wp-json\/wp\/v2\/media\/206"}],"wp:attachment":[{"href":"https:\/\/tandorproductions.com\/fr\/wp-json\/wp\/v2\/media?parent=7"}],"curies":[{"name":"wp","href":"https:\/\/api.w.org\/{rel}","templated":true}]}}