{"id":1849,"date":"2021-02-22T15:38:58","date_gmt":"2021-02-22T14:38:58","guid":{"rendered":"http:\/\/tandorproductions.com\/?page_id=1849"},"modified":"2025-07-21T13:19:20","modified_gmt":"2025-07-21T11:19:20","slug":"geoffroy-cernaix","status":"publish","type":"page","link":"https:\/\/tandorproductions.com\/fr\/geoffroy-cernaix\/","title":{"rendered":"Geoffroy Cernaix"},"content":{"rendered":"<p> Apr\u00e8s l&rsquo;obtention de son master II d&rsquo;histoire et cin\u00e9ma \u00e0 l&rsquo;\u00e9cole de cin\u00e9ma de l&rsquo;<strong>ESAV<\/strong> \u00e0 Toulouse, Geoffroy Cernaix int\u00e8gre l&rsquo;<strong>IAD<\/strong> en section montage dont il est dipl\u00f4m\u00e9 en 2008. Il int\u00e8gre l&rsquo;<strong>Atelier Cin\u00e9ma du Gsara<\/strong> comme monteur en 2009. En 2014, il fonde en parall\u00e8le T\u00e2ndor Productions avec Rosine Mbakam et Sahbi Kraiem. Il y travaille en tant que <strong>monteur et producteur<\/strong>. <\/p>\n\n\n\n<p>","protected":false},"excerpt":{"rendered":"<p>Apr\u00e8s l&rsquo;obtention de son master II d&rsquo;histoire et cin\u00e9ma \u00e0 l&rsquo;\u00e9cole de cin\u00e9ma de l&rsquo;ESAV \u00e0 Toulouse, Geoffroy Cernaix int\u00e8gre l&rsquo;IAD en section montage dont il est dipl\u00f4m\u00e9 en 2008. Il int\u00e8gre l&rsquo;Atelier Cin\u00e9ma du Gsara comme monteur en 2009. En 2014, il fonde en parall\u00e8le T\u00e2ndor Productions avec Rosine Mbakam et Sahbi Kraiem. Il [&hellip;]<\/p>\n","protected":false},"author":2,"featured_media":0,"parent":0,"menu_order":0,"comment_status":"closed","ping_status":"closed","template":"","meta":[],"_links":{"self":[{"href":"https:\/\/tandorproductions.com\/fr\/wp-json\/wp\/v2\/pages\/1849"}],"collection":[{"href":"https:\/\/tandorproductions.com\/fr\/wp-json\/wp\/v2\/pages"}],"about":[{"href":"https:\/\/tandorproductions.com\/fr\/wp-json\/wp\/v2\/types\/page"}],"author":[{"embeddable":true,"href":"https:\/\/tandorproductions.com\/fr\/wp-json\/wp\/v2\/users\/2"}],"replies":[{"embeddable":true,"href":"https:\/\/tandorproductions.com\/fr\/wp-json\/wp\/v2\/comments?post=1849"}],"version-history":[{"count":2,"href":"https:\/\/tandorproductions.com\/fr\/wp-json\/wp\/v2\/pages\/1849\/revisions"}],"predecessor-version":[{"id":1851,"href":"https:\/\/tandorproductions.com\/fr\/wp-json\/wp\/v2\/pages\/1849\/revisions\/1851"}],"wp:attachment":[{"href":"https:\/\/tandorproductions.com\/fr\/wp-json\/wp\/v2\/media?parent=1849"}],"curies":[{"name":"wp","href":"https:\/\/api.w.org\/{rel}","templated":true}]}}