{"id":1840,"date":"2021-02-22T15:18:15","date_gmt":"2021-02-22T14:18:15","guid":{"rendered":"http:\/\/tandorproductions.com\/?page_id=1840"},"modified":"2025-07-21T13:19:20","modified_gmt":"2025-07-21T11:19:20","slug":"rosine-mbakam","status":"publish","type":"page","link":"https:\/\/tandorproductions.com\/fr\/rosine-mbakam\/","title":{"rendered":"Rosine Mbakam"},"content":{"rendered":"<p> Rosine Mbakam a grandi au Cameroun. <strong>Elle choisit tr\u00e8s t\u00f4t le cin\u00e9ma et se forme \u00e0 Yaound\u00e9 <\/strong>gr\u00e2ce aux \u00e9quipes de l\u2019ONG italienne COE (Centro Orientamento Educativo) o\u00f9 elle est initi\u00e9e \u00e0 l\u2019image, au montage et \u00e0 la r\u00e9alisation d\u00e8s 2000. Elle collabore et r\u00e9alise plusieurs films institutionnels pour cette structure avant d\u2019int\u00e9grer en 2003, l\u2019\u00e9quipe de STV (Spectrum t\u00e9l\u00e9vision) dirig\u00e9 par Mactar Sylla. Pendant 4 ans, elle cumule diff\u00e9rents postes de <strong>monteuse, r\u00e9alisatrice, pr\u00e9sentatrice, responsable des programmes<\/strong>.<br><br>Mue par l\u2019envie de developper son regard cin\u00e9matographique, elle int\u00e8gre l\u2019<strong>INSAS <\/strong>(Institut National Sup\u00e9rieur des Arts du Spectacle et des Techniques de Diffusion) en 2007. <strong>Dipl\u00f4m\u00e9e en 2012<\/strong>, elle r\u00e9alise un premier court m\u00e9trage de fiction \u00ab <strong>Tu seras mon alli\u00e9 <\/strong>\u00bb qui sera prim\u00e9 dans plusieurs festivals internationaux.<br><br>Dans une volont\u00e9 d\u2019ind\u00e9pendance, <strong>elle fonde en 2014 avec Geoffroy Cernaix, T\u00e2ndor Productions<\/strong>. En produisant ses films, elle cherche \u00e0 d\u00e9fendre la singularit\u00e9 de son regard. Elle r\u00e9alise \u00ab <strong>Les Deux visages d\u2019une femme bamileke <\/strong>\u00bb son premier long m\u00e9trage documentaire en 2017 qui sera s\u00e9lectionn\u00e9 dans plus d\u2019une soixantaine de festivals (IFFR Rotterdam, Fespaco&#8230;). Son film suivant \u00ab <strong>Chez jolie coiffure <\/strong>\u00bb connaitra une audience encore plus large (Dok Leipzig, True\/False, AFI Fest Los-Angeles, Fespaco&#8230;) Les 2 films seront salu\u00e9s par la critique (New-Yoker, New-York Times, LA Times, Variety&#8230;)<br><br>Afin de d\u00e9velopper le cin\u00e9ma dans son pays le <strong>Cameroun<\/strong>, elle fonde la soci\u00e9t\u00e9 de production <strong>T\u00e2ndor Films <\/strong>en 2018. Dans la foul\u00e9e, elle initie <strong>Caravane Cin\u00e9ma <\/strong>qui assure la diffusion de films africains dans les quartiers populaires des grandes villes camerounaises dans le cadre de projections en plein air. Elle cherche d\u00e9sormais \u00e0 p\u00e9renniser cette exp\u00e9rience dans les ann\u00e9es qui viennent.<br><br>Elle tourne un court-m\u00e9trage \u00ab <strong>La majorit\u00e9 invisible <\/strong>\u00bb pour le projet \u00ab Cinetracts \u201820 \u00bb de la Wexner Center for the Arts (Columbus, Ohio) en 2020.<br><br>Aujourd\u2019hui, elle ach\u00e8ve son troisi\u00e8me long-m\u00e9trage documentaire \u00ab <strong>Les pri\u00e8res de Delphine <\/strong>\u00bb qui sortira sur les \u00e9crans en 2021. Elle vient \u00e9galement de terminer en collaboration avec An Van Diederen et El\u00e9onore Yameogo un long-m\u00e9trage documentaire \u00ab <strong>Prisme <\/strong>\u00bb sur la probl\u00e9matique de filmer la peau noire. Elle pr\u00e9pare \u00e9galement le tournage de son deuxi\u00e8me court-m\u00e9trage de fiction \u00ab <strong>Pierrette <\/strong>\u00bb.<br><br>Elle partage son temps entre sa structure de production ( T\u00e2ndor Productions en Belgique et T\u00e2ndor Films au Cameroun) o\u00f9 elle travaille sur plusieurs projets et ses activit\u00e9s d\u2019<strong>enseignante au sein du KASK \u00e0 Gand <\/strong>(Belgique)<\/p>\n\n\n\n<p>","protected":false},"excerpt":{"rendered":"<p>Rosine Mbakam a grandi au Cameroun. Elle choisit tr\u00e8s t\u00f4t le cin\u00e9ma et se forme \u00e0 Yaound\u00e9 gr\u00e2ce aux \u00e9quipes de l\u2019ONG italienne COE (Centro Orientamento Educativo) o\u00f9 elle est initi\u00e9e \u00e0 l\u2019image, au montage et \u00e0 la r\u00e9alisation d\u00e8s 2000. Elle collabore et r\u00e9alise plusieurs films institutionnels pour cette structure avant d\u2019int\u00e9grer en 2003, [&hellip;]<\/p>\n","protected":false},"author":2,"featured_media":0,"parent":0,"menu_order":0,"comment_status":"closed","ping_status":"closed","template":"","meta":[],"_links":{"self":[{"href":"https:\/\/tandorproductions.com\/fr\/wp-json\/wp\/v2\/pages\/1840"}],"collection":[{"href":"https:\/\/tandorproductions.com\/fr\/wp-json\/wp\/v2\/pages"}],"about":[{"href":"https:\/\/tandorproductions.com\/fr\/wp-json\/wp\/v2\/types\/page"}],"author":[{"embeddable":true,"href":"https:\/\/tandorproductions.com\/fr\/wp-json\/wp\/v2\/users\/2"}],"replies":[{"embeddable":true,"href":"https:\/\/tandorproductions.com\/fr\/wp-json\/wp\/v2\/comments?post=1840"}],"version-history":[{"count":5,"href":"https:\/\/tandorproductions.com\/fr\/wp-json\/wp\/v2\/pages\/1840\/revisions"}],"predecessor-version":[{"id":1845,"href":"https:\/\/tandorproductions.com\/fr\/wp-json\/wp\/v2\/pages\/1840\/revisions\/1845"}],"wp:attachment":[{"href":"https:\/\/tandorproductions.com\/fr\/wp-json\/wp\/v2\/media?parent=1840"}],"curies":[{"name":"wp","href":"https:\/\/api.w.org\/{rel}","templated":true}]}}