{"id":1786,"date":"2021-02-22T15:04:01","date_gmt":"2021-02-22T14:04:01","guid":{"rendered":"http:\/\/tandorproductions.com\/?page_id=1786"},"modified":"2025-07-21T13:19:20","modified_gmt":"2025-07-21T11:19:20","slug":"caravane","status":"publish","type":"page","link":"https:\/\/tandorproductions.com\/fr\/caravane\/","title":{"rendered":"Caravane Cin\u00e9ma"},"content":{"rendered":"<p class=\"has-white-color has-text-color\">La <strong><em>Caravane Cin\u00e9ma<\/em><\/strong> est une tourn\u00e9e cin\u00e9matographique \u00e9tablie \u00e0 partir d&rsquo;un itin\u00e9raire bien d\u00e9fini dans une r\u00e9gion choisie du Cameroun. Elle a pour principe d&rsquo;organiser des projections plein air de films r\u00e9alis\u00e9s par des r\u00e9alisateurs africain. Les films sont s\u00e9lectionn\u00e9s \u00e0 la fois pour leur \u00e9criture cin\u00e9matographique mais \u00e9galement pour la pertinence de leur regard sur la situation du Continent africain.<br \/><br \/>Dans les cultures africaines, il n&rsquo;existe pas de lieux d\u00e9finis pour les artistes, l&rsquo;art se trouve partout dans la vie. C\u2019est de cette mani\u00e8re que nous voulons amener le cin\u00e9ma aux gens, en l\u2019int\u00e9grant dans les rues des villages et des quartiers populaires des grandes villes du Cameroun, au plus pr\u00e8s des populations. Toucher toutes les couches sociales en allant dans des \u00e9coles, les tontines, les associations et les entreprises&#8230;<br \/><br \/>Nous travaillons autour de quelques films (trois ou quatre maximum) pour cultiver l&rsquo;esprit critique des spectateurs et pour permettre aux gens des localit\u00e9s de se questionner sur les images qu&rsquo;ils voient.<\/p>\r\n\r\n<p><img loading=\"lazy\" class=\"alignnone size-full wp-image-1917\" src=\"https:\/\/tandorproductions.com\/wp-content\/uploads\/2021\/03\/PHOTO-2019-07-07-21-37-35.jpeg\" alt=\"\" width=\"1008\" height=\"756\" srcset=\"https:\/\/tandorproductions.com\/wp-content\/uploads\/2021\/03\/PHOTO-2019-07-07-21-37-35.jpeg 1008w, https:\/\/tandorproductions.com\/wp-content\/uploads\/2021\/03\/PHOTO-2019-07-07-21-37-35-300x225.jpeg 300w, https:\/\/tandorproductions.com\/wp-content\/uploads\/2021\/03\/PHOTO-2019-07-07-21-37-35-768x576.jpeg 768w, https:\/\/tandorproductions.com\/wp-content\/uploads\/2021\/03\/PHOTO-2019-07-07-21-37-35-700x525.jpeg 700w, https:\/\/tandorproductions.com\/wp-content\/uploads\/2021\/03\/PHOTO-2019-07-07-21-37-35-410x308.jpeg 410w, https:\/\/tandorproductions.com\/wp-content\/uploads\/2021\/03\/PHOTO-2019-07-07-21-37-35-100x75.jpeg 100w, https:\/\/tandorproductions.com\/wp-content\/uploads\/2021\/03\/PHOTO-2019-07-07-21-37-35-275x206.jpeg 275w\" sizes=\"(max-width: 1008px) 100vw, 1008px\" \/><\/p>\r\n\r\n<h4>\u00a0<\/h4>\r\n<h4 class=\"has-white-color has-text-color\"><strong>CONCRETEMENT<\/strong><\/h4>\r\n\r\n\r\n\r\n<p class=\"has-white-color has-text-color\">Chaque ann\u00e9e la <strong><em>Caravane Cin\u00e9ma<\/em><\/strong> choisit une r\u00e9gion du Cameroun, d\u00e9finit un itin\u00e9raire et une programmation. Pour la premi\u00e8re \u00e9dition, le trajet de la <em>Caravane<\/em> a \u00e9t\u00e9 choisi en fonction des lieux de tournage des films de Rosine Mbakam <strong>Les deux visages d&rsquo;une femme Bamil\u00e9k\u00e9<\/strong> tourn\u00e9 en 2015 \u00e0 Yaound\u00e9, Douala et Tonga, ainsi que <strong>Chez jolie coiffure<\/strong> qui dresse le portrait d&rsquo;une jeune doualaise qui a \u00e9migr\u00e9 en Belgique. Ces films ont \u00e9t\u00e9 projet\u00e9s dans les quartiers populaires de ces trois villes avec le soutien de l&rsquo;Ambassade de Belgique au Cameroun.<br \/><br \/>Avant la date de projection nous faisons un rep\u00e9rage dans le village pour informer les autorit\u00e9s locales, la population et choisir les lieux. C&rsquo;est aussi l&rsquo;occasion d&rsquo;un premier \u00e9change. Le jour m\u00eame, une partie de l&rsquo;\u00e9quipe fait du porte \u00e0 porte pour donner les informations sur le film programm\u00e9, le lieu, l\u2019heure de la projection ainsi que sur les activit\u00e9s autour de la Caravane.\u00a0<br \/><br \/>Les projections se feront le soir. En journ\u00e9e, nous proposerons, entre autres, un petit atelier cin\u00e9ma sur les lieux o\u00f9 passera la <strong><em>Caravane<\/em><\/strong>. L\u2019id\u00e9e est d\u2019accompagner la r\u00e9alisation d\u2019un film documentaire tr\u00e8s court (5 minutes maximum) sur le village, film\u00e9 par les gens du village. Le but est la familiarisation \u00e0 l&rsquo;outil et au langage cin\u00e9matographique afin de permettre \u00e0 la population de se filmer, de se voir et de questionner sa r\u00e9alit\u00e9.<\/p>\r\n\r\n<p><img loading=\"lazy\" class=\"alignnone size-full wp-image-1980\" src=\"https:\/\/tandorproductions.com\/wp-content\/uploads\/2021\/04\/PHOTO-2019-07-07-21-53-231.jpeg\" alt=\"\" width=\"1008\" height=\"756\" srcset=\"https:\/\/tandorproductions.com\/wp-content\/uploads\/2021\/04\/PHOTO-2019-07-07-21-53-231.jpeg 1008w, https:\/\/tandorproductions.com\/wp-content\/uploads\/2021\/04\/PHOTO-2019-07-07-21-53-231-300x225.jpeg 300w, https:\/\/tandorproductions.com\/wp-content\/uploads\/2021\/04\/PHOTO-2019-07-07-21-53-231-768x576.jpeg 768w, https:\/\/tandorproductions.com\/wp-content\/uploads\/2021\/04\/PHOTO-2019-07-07-21-53-231-700x525.jpeg 700w, https:\/\/tandorproductions.com\/wp-content\/uploads\/2021\/04\/PHOTO-2019-07-07-21-53-231-410x308.jpeg 410w, https:\/\/tandorproductions.com\/wp-content\/uploads\/2021\/04\/PHOTO-2019-07-07-21-53-231-100x75.jpeg 100w, https:\/\/tandorproductions.com\/wp-content\/uploads\/2021\/04\/PHOTO-2019-07-07-21-53-231-275x206.jpeg 275w\" sizes=\"(max-width: 1008px) 100vw, 1008px\" \/><\/p>\r\n\r\n<h4>\u00a0<\/h4>\r\n<h4 class=\"has-white-color has-text-color\"><strong>LES MOTS DE ROSINE MBAKAM<\/strong><\/h4>\r\n\r\n\r\n\r\n<p class=\"has-white-color has-text-color\">\u00ab J\u2019ai grandi dans un quartier populaire de Yaound\u00e9. A l&rsquo;\u00e9poque, mes parents n&rsquo;avaient pas assez d&rsquo;argent pour acheter une t\u00e9l\u00e9vision. Seule une maison du quartier en poss\u00e9dait une. Les programmes t\u00e9l\u00e9vis\u00e9s commen\u00e7aient \u00e0 16 h. Il fallait venir t\u00f4t pour avoir une place \u00e0 la fen\u00eatre. Pour b\u00e9n\u00e9ficier d\u2019une place \u00e0 l\u2019int\u00e9rieur, il fallait laver la maison de ces voisins chez qui on allait regarder la t\u00e9l\u00e9. Je le faisais tr\u00e8s souvent pour ne rien rater de ce qui se passait \u00e0 l&rsquo;\u00e9cran. C&rsquo;\u00e9tait pour moi le moment de la journ\u00e9e o\u00f9 je pouvais alimenter mon imaginaire et me connecter au reste du monde. Ce que je voyais me transportait dans un ailleurs inconnu pendant des jours. L&rsquo;image suscitait en moi des envies et des r\u00eaves. Elle me permettait de prendre de la distance avec ma r\u00e9alit\u00e9 en m\u2019enveloppant dans une bulle qui me prot\u00e9geait parfois de la duret\u00e9 de la vie dans mon quartier. \u00c7a me remplissait d&rsquo;espoir de savoir que\u00a0 dans mon imaginaire tout \u00e9tait possible pour moi. J&rsquo;avais la force d&rsquo;avancer dans ma propre r\u00e9alit\u00e9. Nous prolongions le plaisir de ces s\u00e9ances t\u00e9l\u00e9s, ma petite s\u0153ur et moi, en\u00a0 r\u00e9citant les r\u00e9pliques de films, publicit\u00e9s et g\u00e9n\u00e9riques&#8230; On se mettait en sc\u00e8ne, on chantait et on discutait de nos personnages pr\u00e9f\u00e9r\u00e9s.<br \/><br \/>Les films que je voyais m&rsquo;ouvraient sur le monde mais pas assez sur moi, sur ma culture. Il y avait tr\u00e8s peu de films africains encore moins camerounais. Mon imaginaire se construisait \u00e0 partir de la r\u00e9alit\u00e9 des autres populations. Je ne pouvais pas questionner mon histoire, ce qui m&rsquo;entourait parce que je ne voyais pas assez ma r\u00e9alit\u00e9 en images. Il m&rsquo;a fallu du temps pour me d\u00e9coloniser d&rsquo;un imaginaire construit sur une r\u00e9alit\u00e9 qui n\u2019\u00e9tait pas la mienne. Je ne savais pas encore que les images que je voyais \u00e0 l&rsquo;\u00e9poque d\u00e9posaient en moi une envie de raconter mes propres histoires, un r\u00eave de voir ma r\u00e9alit\u00e9 et des visages qui ressemblent au mien sur les \u00e9crans.\u00a0 Aujourd&rsquo;hui, je suis r\u00e9alisatrice. Mes films sont vus dans le monde entier et pas assez dans mon propre pays o\u00f9 mon envie de faire du cin\u00e9ma est n\u00e9e.<br \/><br \/>C&rsquo;est ainsi qu&rsquo;est n\u00e9e l\u2019envie de cr\u00e9er le projet <strong><em>Caravane Cin\u00e9ma<\/em><\/strong>. Je voudrais restituer ce que le cin\u00e9ma m&rsquo;a donn\u00e9 quand j&rsquo;\u00e9tais cette petite fille dans ce quartier populaire de Yaound\u00e9. Un espoir, un r\u00eave et un travail. Je voudrais donner la possibilit\u00e9 aux gens de voir des films r\u00e9alis\u00e9s par des r\u00e9alisateurs africains et qui sont li\u00e9s \u00e0 leur r\u00e9alit\u00e9, afin qu&rsquo;ils puissent construire un imaginaire propre \u00e0 leur histoire, leur culture, leur r\u00e9alit\u00e9. L&rsquo;id\u00e9e de <strong><em>Caravane Cin\u00e9ma<\/em><\/strong> est de permettre\u00a0 aux gens de se voir, voir\u00a0 leurs propres images pour qu&rsquo;ils \u00a0 les acceptent, se questionnent, r\u00eavent et s&rsquo;affranchissent.\u00a0 \u00bb<\/p>\r\n\r\n<p>&nbsp;<\/p>\r\n\r\n<p>&nbsp;<\/p>","protected":false},"excerpt":{"rendered":"<p>La Caravane Cin\u00e9ma est une tourn\u00e9e cin\u00e9matographique \u00e9tablie \u00e0 partir d&rsquo;un itin\u00e9raire bien d\u00e9fini dans une r\u00e9gion choisie du Cameroun. Elle a pour principe d&rsquo;organiser des projections plein air de films r\u00e9alis\u00e9s par des r\u00e9alisateurs africain. Les films sont s\u00e9lectionn\u00e9s \u00e0 la fois pour leur \u00e9criture cin\u00e9matographique mais \u00e9galement pour la pertinence de leur regard [&hellip;]<\/p>\n","protected":false},"author":2,"featured_media":1916,"parent":0,"menu_order":0,"comment_status":"closed","ping_status":"closed","template":"","meta":[],"_links":{"self":[{"href":"https:\/\/tandorproductions.com\/fr\/wp-json\/wp\/v2\/pages\/1786"}],"collection":[{"href":"https:\/\/tandorproductions.com\/fr\/wp-json\/wp\/v2\/pages"}],"about":[{"href":"https:\/\/tandorproductions.com\/fr\/wp-json\/wp\/v2\/types\/page"}],"author":[{"embeddable":true,"href":"https:\/\/tandorproductions.com\/fr\/wp-json\/wp\/v2\/users\/2"}],"replies":[{"embeddable":true,"href":"https:\/\/tandorproductions.com\/fr\/wp-json\/wp\/v2\/comments?post=1786"}],"version-history":[{"count":79,"href":"https:\/\/tandorproductions.com\/fr\/wp-json\/wp\/v2\/pages\/1786\/revisions"}],"predecessor-version":[{"id":1976,"href":"https:\/\/tandorproductions.com\/fr\/wp-json\/wp\/v2\/pages\/1786\/revisions\/1976"}],"wp:featuredmedia":[{"embeddable":true,"href":"https:\/\/tandorproductions.com\/fr\/wp-json\/wp\/v2\/media\/1916"}],"wp:attachment":[{"href":"https:\/\/tandorproductions.com\/fr\/wp-json\/wp\/v2\/media?parent=1786"}],"curies":[{"name":"wp","href":"https:\/\/api.w.org\/{rel}","templated":true}]}}